{"id":5,"date":"2018-10-30T13:27:26","date_gmt":"2018-10-30T13:27:26","guid":{"rendered":"https:\/\/the7.io\/g-business\/?page_id=5"},"modified":"2022-11-28T15:17:23","modified_gmt":"2022-11-28T07:17:23","slug":"home","status":"publish","type":"page","link":"https:\/\/raybell.com.my\/es\/","title":{"rendered":"P\u00e1gina de inicio"},"content":{"rendered":"<div class=\"wpb-content-wrapper\"><div class=\"vc_row wpb_row vc_row-fluid vc_row-o-equal-height vc_row-o-content-middle vc_row-flex\"><div class=\"wpb_column vc_column_container vc_col-sm-6\"><div class=\"vc_column-inner vc_custom_1560422440699\"><div class=\"wpb_wrapper\"><div id=\"ultimate-heading-176969ea1e545c007\" class=\"uvc-heading ult-adjust-bottom-margin ultimate-heading-176969ea1e545c007 uvc-9905 accent-subtitle-color\" data-hspacer=\"no_spacer\"  data-halign=\"left\" style=\"text-align:left\"><div class=\"uvc-heading-spacer no_spacer\" style=\"top\"><\/div><div class=\"uvc-main-heading ult-responsive\"  data-ultimate-target='.uvc-heading.ultimate-heading-176969ea1e545c007 h3'  data-responsive-json-new='{\"font-size\":\"desktop:30px;\",\"line-height\":\"desktop:20px;\"}' ><h3 style=\"font-weight:bold;\">Quienes somos<\/h3><\/div><\/div>\n\t<div class=\"wpb_text_column wpb_content_element\" >\n\t\t<div class=\"wpb_wrapper\">\n\t\t\t<div id=\"about\">\n<div class=\"container\">\n<div id=\"about-content\">\n<p>Nuestros guantes est\u00e1n bien establecidos en el mercado de guantes m\u00e9dicos y son reconocidos por su calidad superior. Los productos se fabrican en estricto cumplimiento de las especificaciones ASTM. Ahora somos uno de los fabricantes de guantes de examen de l\u00e1tex desechables desde su creaci\u00f3n en Malasia en 1988.<\/p>\n<p>Nuestra planta pone \u00e9nfasis en las BPF (buenas pr\u00e1cticas de fabricaci\u00f3n) en todo su proceso de fabricaci\u00f3n, desde la recepci\u00f3n de las materias primas hasta el embalaje de los productos terminados, para garantizar productos consistentes y de alta calidad. Tambi\u00e9n nos especializamos en el embalaje personalizado de guantes de procedimiento a lo largo de los a\u00f1os.<\/p>\n<p>La reputaci\u00f3n de Ray Bell Engineering se ha visto reforzada por una serie de logros, como el sistema de calidad certificado ISO 9002 desde 1999, certificado ISO 9001-2000 SGC. Ray Bell Engineering actualmente produce 100 millones de piezas de guantes de alta calidad por mes, con el respaldo de l\u00edneas de producci\u00f3n altamente eficientes.<\/p>\n<\/div>\n<\/div>\n<\/div>\n\n\t\t<\/div>\n\t<\/div>\n<style type=\"text\/css\" data-type=\"the7_shortcodes-inline-css\">#default-btn-878dad165f7f482721fe7a528ab5ec81.ico-right-side > i {\n  margin-right: 0px;\n  margin-left: 8px;\n}\n#default-btn-878dad165f7f482721fe7a528ab5ec81 > i {\n  margin-right: 8px;\n}<\/style><div class=\"btn-align-center\"><a href=\"\/es\/about-us\/\" class=\"default-btn-shortcode dt-btn dt-btn-m link-hover-off\" id=\"default-btn-878dad165f7f482721fe7a528ab5ec81\"><span>LEE MAS<\/span><\/a><\/div><\/div><\/div><\/div><div class=\"wpb_column vc_column_container vc_col-sm-6\"><div class=\"vc_column-inner vc_custom_1560422445652\"><div class=\"wpb_wrapper\">\n\t<div  class=\"wpb_single_image wpb_content_element vc_align_center\">\n\t\t\n\t\t<figure class=\"wpb_wrapper vc_figure\">\n\t\t\t<div class=\"vc_single_image-wrapper vc_box_rounded  vc_box_border_grey\"><img loading=\"lazy\" decoding=\"async\" width=\"1380\" height=\"776\" src=\"https:\/\/raybell.com.my\/wp-content\/uploads\/2022\/09\/12d1r2121231ejhkg.jpg\" class=\"vc_single_image-img attachment-full\" alt=\"\" title=\"12d1r2121231ejhk,g\" srcset=\"https:\/\/raybell.com.my\/wp-content\/uploads\/2022\/09\/12d1r2121231ejhkg.jpg 1380w, https:\/\/raybell.com.my\/wp-content\/uploads\/2022\/09\/12d1r2121231ejhkg-300x169.jpg 300w, https:\/\/raybell.com.my\/wp-content\/uploads\/2022\/09\/12d1r2121231ejhkg-1024x576.jpg 1024w, https:\/\/raybell.com.my\/wp-content\/uploads\/2022\/09\/12d1r2121231ejhkg-768x432.jpg 768w, https:\/\/raybell.com.my\/wp-content\/uploads\/2022\/09\/12d1r2121231ejhkg-18x10.jpg 18w\" sizes=\"auto, (max-width: 1380px) 100vw, 1380px\"  data-dt-location=\"https:\/\/raybell.com.my\/es\/home\/12d1r2121231ejhkg\/\" \/><\/div>\n\t\t<\/figure>\n\t<\/div>\n<\/div><\/div><\/div><\/div><div class=\"vc_row wpb_row vc_row-fluid vc_custom_1665411582780 vc_row-o-equal-height vc_row-flex\"><div class=\"wpb_column vc_column_container vc_col-sm-12 vc_col-lg-offset-2 vc_col-lg-8\"><div class=\"vc_column-inner vc_custom_1664904208712\"><div class=\"wpb_wrapper\"><div id=\"ultimate-heading-278169ea1e545c9d4\" class=\"uvc-heading ult-adjust-bottom-margin ultimate-heading-278169ea1e545c9d4 uvc-8004 white_text_shadow\" data-hspacer=\"no_spacer\"  data-halign=\"center\" style=\"text-align:center\"><div class=\"uvc-heading-spacer no_spacer\" style=\"top\"><\/div><div class=\"uvc-main-heading ult-responsive\"  data-ultimate-target='.uvc-heading.ultimate-heading-278169ea1e545c9d4 h3'  data-responsive-json-new='{\"font-size\":\"desktop:30px;\",\"line-height\":\"\"}' ><h3 style=\"font-weight:bold;color:#ffffff;margin-bottom:25px;\">No busque en ning\u00fan otro lugar guantes de alta calidad y perm\u00edtanos personalizar su empaque<\/h3><\/div><\/div><\/div><\/div><\/div><\/div><!-- Row Backgrounds --><div class=\"upb_content_iframe\" data-controls=\"\" data-viewport-video=\"false\" data-ultimate-video=\"https:\/\/www.youtube.com\/watch?v=1-uH0KmgU_o\" data-bg-override=\"ex-full\" data-start-time=\"0.51\" data-stop-time=\"0.59\" data-ultimate-video-muted=\"muted\" data-ultimate-video-loop=\"loop\" data-ultimate-video-poster=\"https:\/\/raybell.com.my\/wp-content\/uploads\/2022\/09\/dd9af8e6-e629-4dd8-961d-7dd666c3f05d.jpg\" data-upb-overlay-color=\"rgba(38,45,55,0.5)\" data-upb-bg-animation=\"\" data-fadeout=\"fadeout_row_value\" data-fadeout-percentage=\"30\"  data-parallax-content=\"\" data-parallax-content-sense=\"30\" data-row-effect-mobile-disable=\"true\" data-img-parallax-mobile-disable=\"true\" data-rtl=\"false\"  data-custom-vc-row=\"\"  data-vc=\"8.7.2\"  data-is_old_vc=\"\"  data-theme-support=\"\"   data-overlay=\"true\" data-overlay-color=\"rgba(38,45,55,0.5)\" data-overlay-pattern=\"\" data-overlay-pattern-opacity=\"0.8\" data-overlay-pattern-size=\"\" data-overlay-pattern-attachment=\"scroll\"    data-seperator=\"true\"  data-seperator-type=\"tilt_left_seperator\"  data-seperator-shape-size=\"40\"  data-seperator-svg-height=\"50\"  data-seperator-full-width=\"true\" data-seperator-position=\"top_bottom_seperator\"  data-seperator-background-color=\"#fff\"  data-icon=\"\"   data-video_fixer=\"true\"><\/div><div class=\"vc_row wpb_row vc_row-fluid vc_custom_1560794100508\"><div class=\"wpb_column vc_column_container vc_col-sm-12\"><div class=\"vc_column-inner\"><div class=\"wpb_wrapper\"><div id=\"ultimate-heading-104669ea1e545cd96\" class=\"uvc-heading ult-adjust-bottom-margin ultimate-heading-104669ea1e545cd96 uvc-5185 accent-subtitle-color uvc-heading-default-font-sizes\" data-hspacer=\"no_spacer\"  data-halign=\"center\" style=\"text-align:center\"><div class=\"uvc-heading-spacer no_spacer\" style=\"top\"><\/div><div class=\"uvc-main-heading ult-responsive\"  data-ultimate-target='.uvc-heading.ultimate-heading-104669ea1e545cd96 h2'  data-responsive-json-new='{\"font-size\":\"\",\"line-height\":\"\"}' ><h2 style=\"font-weight:bold;margin-bottom:45px;\">Nuestros Certificados<\/h2><\/div><\/div><style type=\"text\/css\" data-type=\"the7_shortcodes-inline-css\">.carousel-shortcode.carousel-shortcode-id-50a3cbfb41bf498d46bfb5b88f095482.owl-carousel .owl-nav div {\n  width: 30px;\n  height: 30px;\n  border-radius: 500px;\n}\n.dt-arrow-border-on.carousel-shortcode.carousel-shortcode-id-50a3cbfb41bf498d46bfb5b88f095482.owl-carousel .owl-nav div:not(:hover):before {\n  border-width: 0px;\n}\n.dt-arrow-hover-border-on.carousel-shortcode.carousel-shortcode-id-50a3cbfb41bf498d46bfb5b88f095482.owl-carousel .owl-nav div:hover:after {\n  border-width: 0px;\n}\n.carousel-shortcode.carousel-shortcode-id-50a3cbfb41bf498d46bfb5b88f095482.owl-carousel .owl-nav div.owl-prev {\n  top: 50%;\n  transform: translateY(calc(-50% + 0px));\n  left: -5px;\n}\n@media all and (-ms-high-contrast: none) {\n  .carousel-shortcode.carousel-shortcode-id-50a3cbfb41bf498d46bfb5b88f095482.owl-carousel .owl-nav div.owl-prev {\n    transform: translateY(-50%);\n    margin-top: 0px;\n  }\n}\n.carousel-shortcode.carousel-shortcode-id-50a3cbfb41bf498d46bfb5b88f095482.owl-carousel .owl-nav div.owl-prev i {\n  padding: 0px 0px 0px 0px;\n}\n.carousel-shortcode.carousel-shortcode-id-50a3cbfb41bf498d46bfb5b88f095482.owl-carousel .owl-nav div.owl-next {\n  top: 50%;\n  transform: translateY(calc(-50% + 0px));\n  right: -7px;\n}\n@media all and (-ms-high-contrast: none) {\n  .carousel-shortcode.carousel-shortcode-id-50a3cbfb41bf498d46bfb5b88f095482.owl-carousel .owl-nav div.owl-next {\n    transform: translateY(-50%);\n    margin-top: 0px;\n  }\n}\n.carousel-shortcode.carousel-shortcode-id-50a3cbfb41bf498d46bfb5b88f095482.owl-carousel .owl-nav div.owl-next i {\n  padding: 0px 0px 0px 0px;\n}\n.carousel-shortcode.carousel-shortcode-id-50a3cbfb41bf498d46bfb5b88f095482.owl-carousel .owl-nav i {\n  font-size: 24px;\n}\n.carousel-shortcode.carousel-shortcode-id-50a3cbfb41bf498d46bfb5b88f095482 .owl-dots {\n  top: calc(100% + 20px);\n  left: 50%;\n  transform: translateX(calc(-50% + 0px));\n}\n@media all and (-ms-high-contrast: none) {\n  .carousel-shortcode.carousel-shortcode-id-50a3cbfb41bf498d46bfb5b88f095482 .owl-dots {\n    transform: translateX(-50%);\n    margin-left: 0px;\n  }\n}\n.carousel-shortcode.carousel-shortcode-id-50a3cbfb41bf498d46bfb5b88f095482 .owl-dot {\n  width: 10px;\n  height: 10px;\n  margin: 0 8px;\n}\n@media screen and (max-width: 778px) {\n  .carousel-shortcode.carousel-shortcode-id-50a3cbfb41bf498d46bfb5b88f095482.hide-arrows .owl-nav a {\n    display: none;\n  }\n}\n@media screen and (max-width: 778px) {\n  .carousel-shortcode.carousel-shortcode-id-50a3cbfb41bf498d46bfb5b88f095482.reposition-arrows .owl-nav div.owl-prev {\n    top: 50%;\n    transform: translateY(calc(-50% + 0px));\n    left: 10px;\n  }\n  .carousel-shortcode.carousel-shortcode-id-50a3cbfb41bf498d46bfb5b88f095482.reposition-arrows .owl-nav div.owl-next {\n    top: 50%;\n    transform: translateY(calc(-50% + 0px));\n    right: 10px;\n  }\n}\n@media screen and (max-width: 778px) and all and (-ms-high-contrast: none) {\n  .carousel-shortcode.carousel-shortcode-id-50a3cbfb41bf498d46bfb5b88f095482.reposition-arrows .owl-nav div.owl-prev {\n    transform: translateY(-50%);\n    margin-top: 0px;\n  }\n}\n@media screen and (max-width: 778px) and all and (-ms-high-contrast: none) {\n  .carousel-shortcode.carousel-shortcode-id-50a3cbfb41bf498d46bfb5b88f095482.reposition-arrows .owl-nav div.owl-next {\n    transform: translateY(-50%);\n    margin-top: 0px;\n  }\n}<\/style><div class=\"owl-carousel carousel-shortcode dt-owl-carousel-call carousel-shortcode-id-50a3cbfb41bf498d46bfb5b88f095482 bullets-small-dot-stroke arrows-bg-off disable-arrows-hover-bg arrows-hover-bg-off  vc_custom_1663867209234\" data-scroll-mode=\"page\" data-col-num=\"5\" data-wide-col-num=\"5\" data-laptop-col=\"4\" data-h-tablet-columns-num=\"4\" data-v-tablet-columns-num=\"3\" data-phone-columns-num=\"2\" data-auto-height=\"true\" data-col-gap=\"60\" data-stage-padding=\"0\" data-speed=\"600\" data-autoplay=\"true\" data-autoplay_speed=\"5200\" data-arrows=\"true\" data-bullet=\"false\" data-next-icon=\"icon-ar-013-r\" data-prev-icon=\"icon-ar-013-l\"><style type=\"text\/css\" data-type=\"the7_shortcodes-inline-css\">.shortcode-single-image-wrap.shortcode-single-image-b5724c93ed8be8a37e3bf0b5648f6a02.enable-bg-rollover .rollover i,\n.shortcode-single-image-wrap.shortcode-single-image-b5724c93ed8be8a37e3bf0b5648f6a02.enable-bg-rollover .rollover-video i {\n  background: -webkit-linear-gradient();\n  background: linear-gradient();\n}\n.shortcode-single-image-wrap.shortcode-single-image-b5724c93ed8be8a37e3bf0b5648f6a02 .rollover-icon {\n  font-size: 32px;\n  color: #ffffff;\n  min-width: 44px;\n  min-height: 44px;\n  line-height: 44px;\n  border-radius: 100px;\n  border-style: solid;\n  border-width: 0px;\n}\n.dt-icon-bg-on.shortcode-single-image-wrap.shortcode-single-image-b5724c93ed8be8a37e3bf0b5648f6a02 .rollover-icon {\n  background: rgba(255,255,255,0.3);\n  box-shadow: none;\n}<\/style><div class=\"shortcode-single-image-wrap shortcode-single-image-b5724c93ed8be8a37e3bf0b5648f6a02 alignnone  enable-bg-rollover dt-icon-bg-off\" style=\"margin-top:0px; margin-bottom:0px; margin-left:0px; margin-right:0px; width:150px;\"><div class=\"shortcode-single-image\"><div class=\"fancy-media-wrap  layzr-bg\" style=\"\"><img decoding=\"async\" class=\"preload-me lazy-load aspect\" src=\"data:image\/svg+xml,%3Csvg%20xmlns%3D&#39;http%3A%2F%2Fwww.w3.org%2F2000%2Fsvg&#39;%20viewBox%3D&#39;0%200%20150%20150&#39;%2F%3E\" data-src=\"https:\/\/raybell.com.my\/wp-content\/uploads\/2022\/09\/cert-3-150x150.png\" data-srcset=\"https:\/\/raybell.com.my\/wp-content\/uploads\/2022\/09\/cert-3-150x150.png 150w, https:\/\/raybell.com.my\/wp-content\/uploads\/2022\/09\/cert-3-300x300.png 300w\" loading=\"eager\" sizes=\"(max-width: 150px) 100vw, 150px\" width=\"150\" height=\"150\"  data-dt-location=\"https:\/\/raybell.com.my\/es\/dt_gallery\/certificates\/cert-3\/\" style=\"--ratio: 150 \/ 150;\" alt=\"\" \/><\/div><\/div><\/div><style type=\"text\/css\" data-type=\"the7_shortcodes-inline-css\">.shortcode-single-image-wrap.shortcode-single-image-ef2ba3710c9b8f4ed376c332fad02d88.enable-bg-rollover .rollover i,\n.shortcode-single-image-wrap.shortcode-single-image-ef2ba3710c9b8f4ed376c332fad02d88.enable-bg-rollover .rollover-video i {\n  background: -webkit-linear-gradient();\n  background: linear-gradient();\n}\n.shortcode-single-image-wrap.shortcode-single-image-ef2ba3710c9b8f4ed376c332fad02d88 .rollover-icon {\n  font-size: 32px;\n  color: #ffffff;\n  min-width: 44px;\n  min-height: 44px;\n  line-height: 44px;\n  border-radius: 100px;\n  border-style: solid;\n  border-width: 0px;\n}\n.dt-icon-bg-on.shortcode-single-image-wrap.shortcode-single-image-ef2ba3710c9b8f4ed376c332fad02d88 .rollover-icon {\n  background: rgba(255,255,255,0.3);\n  box-shadow: none;\n}<\/style><div class=\"shortcode-single-image-wrap shortcode-single-image-ef2ba3710c9b8f4ed376c332fad02d88 alignnone  enable-bg-rollover dt-icon-bg-off\" style=\"margin-top:0px; margin-bottom:0px; margin-left:0px; margin-right:0px; width:150px;\"><div class=\"shortcode-single-image\"><div class=\"fancy-media-wrap  layzr-bg\" style=\"\"><img decoding=\"async\" class=\"preload-me lazy-load aspect\" src=\"data:image\/svg+xml,%3Csvg%20xmlns%3D&#39;http%3A%2F%2Fwww.w3.org%2F2000%2Fsvg&#39;%20viewBox%3D&#39;0%200%20150%20150&#39;%2F%3E\" data-src=\"https:\/\/raybell.com.my\/wp-content\/uploads\/2022\/09\/cert-4-150x150.png\" data-srcset=\"https:\/\/raybell.com.my\/wp-content\/uploads\/2022\/09\/cert-4-150x150.png 150w, https:\/\/raybell.com.my\/wp-content\/uploads\/2022\/09\/cert-4-300x300.png 300w\" loading=\"eager\" sizes=\"(max-width: 150px) 100vw, 150px\" width=\"150\" height=\"150\"  data-dt-location=\"https:\/\/raybell.com.my\/es\/dt_gallery\/certificates\/cert-4\/\" style=\"--ratio: 150 \/ 150;\" alt=\"\" \/><\/div><\/div><\/div><style type=\"text\/css\" data-type=\"the7_shortcodes-inline-css\">.shortcode-single-image-wrap.shortcode-single-image-8a53e7da8472ef4e29efd9ed60418c6e.enable-bg-rollover .rollover i,\n.shortcode-single-image-wrap.shortcode-single-image-8a53e7da8472ef4e29efd9ed60418c6e.enable-bg-rollover .rollover-video i {\n  background: -webkit-linear-gradient();\n  background: linear-gradient();\n}\n.shortcode-single-image-wrap.shortcode-single-image-8a53e7da8472ef4e29efd9ed60418c6e .rollover-icon {\n  font-size: 32px;\n  color: #ffffff;\n  min-width: 44px;\n  min-height: 44px;\n  line-height: 44px;\n  border-radius: 100px;\n  border-style: solid;\n  border-width: 0px;\n}\n.dt-icon-bg-on.shortcode-single-image-wrap.shortcode-single-image-8a53e7da8472ef4e29efd9ed60418c6e .rollover-icon {\n  background: rgba(255,255,255,0.3);\n  box-shadow: none;\n}<\/style><div class=\"shortcode-single-image-wrap shortcode-single-image-8a53e7da8472ef4e29efd9ed60418c6e alignnone  enable-bg-rollover dt-icon-bg-off\" style=\"margin-top:0px; margin-bottom:0px; margin-left:0px; margin-right:0px; width:150px;\"><div class=\"shortcode-single-image\"><div class=\"fancy-media-wrap  layzr-bg\" style=\"\"><img decoding=\"async\" class=\"preload-me lazy-load aspect\" src=\"data:image\/svg+xml,%3Csvg%20xmlns%3D&#39;http%3A%2F%2Fwww.w3.org%2F2000%2Fsvg&#39;%20viewBox%3D&#39;0%200%20150%20150&#39;%2F%3E\" data-src=\"https:\/\/raybell.com.my\/wp-content\/uploads\/2022\/09\/cert-6-150x150.png\" data-srcset=\"https:\/\/raybell.com.my\/wp-content\/uploads\/2022\/09\/cert-6-150x150.png 150w, https:\/\/raybell.com.my\/wp-content\/uploads\/2022\/09\/cert-6-300x300.png 300w\" loading=\"eager\" sizes=\"(max-width: 150px) 100vw, 150px\" width=\"150\" height=\"150\"  data-dt-location=\"https:\/\/raybell.com.my\/es\/dt_gallery\/certificates\/cert-6\/\" style=\"--ratio: 150 \/ 150;\" alt=\"\" \/><\/div><\/div><\/div><style type=\"text\/css\" data-type=\"the7_shortcodes-inline-css\">.shortcode-single-image-wrap.shortcode-single-image-cee944173b75c8848b34a590eac83677.enable-bg-rollover .rollover i,\n.shortcode-single-image-wrap.shortcode-single-image-cee944173b75c8848b34a590eac83677.enable-bg-rollover .rollover-video i {\n  background: -webkit-linear-gradient();\n  background: linear-gradient();\n}\n.shortcode-single-image-wrap.shortcode-single-image-cee944173b75c8848b34a590eac83677 .rollover-icon {\n  font-size: 32px;\n  color: #ffffff;\n  min-width: 44px;\n  min-height: 44px;\n  line-height: 44px;\n  border-radius: 100px;\n  border-style: solid;\n  border-width: 0px;\n}\n.dt-icon-bg-on.shortcode-single-image-wrap.shortcode-single-image-cee944173b75c8848b34a590eac83677 .rollover-icon {\n  background: rgba(255,255,255,0.3);\n  box-shadow: none;\n}<\/style><div class=\"shortcode-single-image-wrap shortcode-single-image-cee944173b75c8848b34a590eac83677 alignnone  enable-bg-rollover dt-icon-bg-off\" style=\"margin-top:0px; margin-bottom:0px; margin-left:0px; margin-right:0px; width:150px;\"><div class=\"shortcode-single-image\"><div class=\"fancy-media-wrap  layzr-bg\" style=\"\"><img decoding=\"async\" class=\"preload-me lazy-load aspect\" src=\"data:image\/svg+xml,%3Csvg%20xmlns%3D&#39;http%3A%2F%2Fwww.w3.org%2F2000%2Fsvg&#39;%20viewBox%3D&#39;0%200%20150%20154&#39;%2F%3E\" data-src=\"https:\/\/raybell.com.my\/wp-content\/uploads\/2022\/11\/cert-8-e1669619889261-150x154.png\" data-srcset=\"https:\/\/raybell.com.my\/wp-content\/uploads\/2022\/11\/cert-8-e1669619889261-150x154.png 150w, https:\/\/raybell.com.my\/wp-content\/uploads\/2022\/11\/cert-8-e1669619889261-300x308.png 300w\" loading=\"eager\" sizes=\"(max-width: 150px) 100vw, 150px\" width=\"150\" height=\"154\"  data-dt-location=\"https:\/\/raybell.com.my\/es\/home\/cert-8-2\/\" style=\"--ratio: 150 \/ 154;\" alt=\"\" \/><\/div><\/div><\/div><style type=\"text\/css\" data-type=\"the7_shortcodes-inline-css\">.shortcode-single-image-wrap.shortcode-single-image-bda6d7ff186168bd6214e03739b75b59.enable-bg-rollover .rollover i,\n.shortcode-single-image-wrap.shortcode-single-image-bda6d7ff186168bd6214e03739b75b59.enable-bg-rollover .rollover-video i {\n  background: -webkit-linear-gradient();\n  background: linear-gradient();\n}\n.shortcode-single-image-wrap.shortcode-single-image-bda6d7ff186168bd6214e03739b75b59 .rollover-icon {\n  font-size: 32px;\n  color: #ffffff;\n  min-width: 44px;\n  min-height: 44px;\n  line-height: 44px;\n  border-radius: 100px;\n  border-style: solid;\n  border-width: 0px;\n}\n.dt-icon-bg-on.shortcode-single-image-wrap.shortcode-single-image-bda6d7ff186168bd6214e03739b75b59 .rollover-icon {\n  background: rgba(255,255,255,0.3);\n  box-shadow: none;\n}<\/style><div class=\"shortcode-single-image-wrap shortcode-single-image-bda6d7ff186168bd6214e03739b75b59 alignnone  enable-bg-rollover dt-icon-bg-off\" style=\"margin-top:0px; margin-bottom:0px; margin-left:0px; margin-right:0px; width:150px;\"><div class=\"shortcode-single-image\"><div class=\"fancy-media-wrap  layzr-bg\" style=\"\"><img decoding=\"async\" class=\"preload-me lazy-load aspect\" src=\"data:image\/svg+xml,%3Csvg%20xmlns%3D&#39;http%3A%2F%2Fwww.w3.org%2F2000%2Fsvg&#39;%20viewBox%3D&#39;0%200%20150%20150&#39;%2F%3E\" data-src=\"https:\/\/raybell.com.my\/wp-content\/uploads\/2022\/10\/CE-150x150.png\" data-srcset=\"https:\/\/raybell.com.my\/wp-content\/uploads\/2022\/10\/CE-150x150.png 150w, https:\/\/raybell.com.my\/wp-content\/uploads\/2022\/10\/CE-300x300.png 300w\" loading=\"eager\" sizes=\"(max-width: 150px) 100vw, 150px\" width=\"150\" height=\"150\"  data-dt-location=\"https:\/\/raybell.com.my\/es\/home\/ce\/\" style=\"--ratio: 150 \/ 150;\" alt=\"\" \/><\/div><\/div><\/div><\/div><\/div><\/div><\/div><\/div>\n<\/div>","protected":false},"excerpt":{"rendered":"<p>Who We Are Our gloves are well-established in the medical glove market and are reputable for their superior quality. The products are manufactured in strict compliance with ASTM specifications. We are now one of the manufacturers of disposable latex examination gloves since its inception in Malaysia in 1988. Our plant places emphasis on GMP (good&hellip;<\/p>","protected":false},"author":4,"featured_media":0,"parent":0,"menu_order":0,"comment_status":"closed","ping_status":"closed","template":"","meta":{"footnotes":""},"class_list":["post-5","page","type-page","status-publish","hentry","description-off"],"_links":{"self":[{"href":"https:\/\/raybell.com.my\/es\/wp-json\/wp\/v2\/pages\/5","targetHints":{"allow":["GET"]}}],"collection":[{"href":"https:\/\/raybell.com.my\/es\/wp-json\/wp\/v2\/pages"}],"about":[{"href":"https:\/\/raybell.com.my\/es\/wp-json\/wp\/v2\/types\/page"}],"author":[{"embeddable":true,"href":"https:\/\/raybell.com.my\/es\/wp-json\/wp\/v2\/users\/4"}],"replies":[{"embeddable":true,"href":"https:\/\/raybell.com.my\/es\/wp-json\/wp\/v2\/comments?post=5"}],"version-history":[{"count":59,"href":"https:\/\/raybell.com.my\/es\/wp-json\/wp\/v2\/pages\/5\/revisions"}],"predecessor-version":[{"id":2093,"href":"https:\/\/raybell.com.my\/es\/wp-json\/wp\/v2\/pages\/5\/revisions\/2093"}],"wp:attachment":[{"href":"https:\/\/raybell.com.my\/es\/wp-json\/wp\/v2\/media?parent=5"}],"curies":[{"name":"wp","href":"https:\/\/api.w.org\/{rel}","templated":true}]}}