{"id":2258,"date":"2022-11-01T00:14:06","date_gmt":"2022-10-31T16:14:06","guid":{"rendered":"http:\/\/raybell.com.my\/?page_id=2258"},"modified":"2022-12-17T20:41:30","modified_gmt":"2022-12-17T12:41:30","slug":"about-us","status":"publish","type":"page","link":"https:\/\/raybell.com.my\/es\/about-us\/","title":{"rendered":"Sobre nosotros"},"content":{"rendered":"<div class=\"wpb-content-wrapper\"><div class=\"vc_row wpb_row vc_row-fluid vc_custom_1560793098479\"><div class=\"wpb_column vc_column_container vc_col-sm-12\"><div class=\"vc_column-inner\"><div class=\"wpb_wrapper\"><div id=\"ultimate-heading-934669ea2e804c70e\" class=\"uvc-heading ult-adjust-bottom-margin ultimate-heading-934669ea2e804c70e uvc-5974  uvc-heading-default-font-sizes\" data-hspacer=\"no_spacer\"  data-halign=\"center\" style=\"text-align:center\"><div class=\"uvc-heading-spacer no_spacer\" style=\"top\"><\/div><div class=\"uvc-main-heading ult-responsive\"  data-ultimate-target='.uvc-heading.ultimate-heading-934669ea2e804c70e h2'  data-responsive-json-new='{\"font-size\":\"\",\"line-height\":\"\"}' ><h2 style=\"font-weight:bold;margin-bottom:10px;\">En Ray Bell Engineering, fabricamos guantes m\u00e9dicos de calidad superior<\/h2><\/div><div class=\"uvc-sub-heading ult-responsive\"  data-ultimate-target='.uvc-heading.ultimate-heading-934669ea2e804c70e .uvc-sub-heading '  data-responsive-json-new='{\"font-size\":\"desktop:24px;\",\"line-height\":\"desktop:34px;\"}'  style=\"font-weight:bold;color:#93c248;\">El cumplimiento estricto y las buenas pr\u00e1cticas de fabricaci\u00f3n son nuestras principales prioridades para asegurarnos de que nuestros clientes est\u00e9n siempre satisfechos.<\/div><\/div><\/div><\/div><\/div><\/div><div class=\"vc_row wpb_row vc_row-fluid vc_custom_1560787254950\"><div class=\"wpb_column vc_column_container vc_col-sm-6\"><div class=\"vc_column-inner\"><div class=\"wpb_wrapper\">\n\t<div class=\"wpb_text_column wpb_content_element  vc_custom_1664307280528\" >\n\t\t<div class=\"wpb_wrapper\">\n\t\t\t<p>Nuestros guantes est\u00e1n bien establecidos en el mercado de guantes m\u00e9dicos y son reconocidos por su calidad superior. Los productos se fabrican en estricto cumplimiento de las especificaciones de ASTM. Ahora somos uno de los fabricantes de guantes de examen de l\u00e1tex desechables desde su creaci\u00f3n en Malasia en 1988. Nuestra planta pone \u00e9nfasis en las BPF (buenas pr\u00e1cticas de fabricaci\u00f3n) en todo su proceso de fabricaci\u00f3n,\ndesde la recepci\u00f3n de las materias primas hasta el embalaje de los productos terminados, para garantizar productos consistentes y de alta calidad. Tambi\u00e9n nos especializamos en el embalaje personalizado de guantes de procedimiento a lo largo de los a\u00f1os. La reputaci\u00f3n de Ray Bell Engineering se ha visto reforzada por una serie de logros, como el sistema de calidad certificado ISO 9002 desde 1999, certificado ISO 9001-2000 QMS. Ray Bell Engineering actualmente produce 100 millones de piezas de guantes de alta calidad por mes, con el respaldo de l\u00edneas de producci\u00f3n altamente eficientes.<\/p>\n<p>Ponemos la satisfacci\u00f3n del cliente en el coraz\u00f3n de nuestro negocio, y, por lo tanto, damos mucha importancia a la investigaci\u00f3n y el desarrollo para garantizar la mejora continua en la calidad de nuestros productos y la eficiencia de la producci\u00f3n. Si bien nuestro objetivo es el \u00e9xito, nos damos cuenta de que el \u00e9xito se puede lograr sin descuidar el medio ambiente y el futuro. En esencia, creemos en el desarrollo sostenible e imploramos a todos que comiencen a avanzar hacia un estilo de vida m\u00e1s ecol\u00f3gico.<\/p>\n<p>Para nosotros, no se trata solo de producir excelentes guantes, sino tambi\u00e9n del impacto de los productos: \u00bfc\u00f3mo ser\u00e1n beneficiosos para el mundo? Tambi\u00e9n hemos aprendido que la innovaci\u00f3n proviene del dominio de las limitaciones organizativas y t\u00e9cnicas, as\u00ed como de profundizar en el meollo del asunto. Nos preocupamos por el mundo, y esto nos impulsa a marchar a nuestro comp\u00e1s que alg\u00fan d\u00eda dar\u00e1 un giro a mejor, para todos.<\/p>\n<p>Para mantenernos a la vanguardia en el desarrollo de productos, colaboramos estrechamente con agencias gubernamentales y ministerios para mantenernos al tanto de los \u00faltimos avances en tecnolog\u00eda de investigaci\u00f3n del caucho. Ahora han hecho que nuestros productos sean innegablemente confiables y aceptables en todo el mundo.<\/p>\n\n\t\t<\/div>\n\t<\/div>\n<\/div><\/div><\/div><div class=\"wpb_column vc_column_container vc_col-sm-6\"><div class=\"vc_column-inner\"><div class=\"wpb_wrapper\">\n\t<div  class=\"wpb_single_image wpb_content_element vc_align_left\">\n\t\t\n\t\t<figure class=\"wpb_wrapper vc_figure\">\n\t\t\t<div class=\"vc_single_image-wrapper   vc_box_border_grey\"><img loading=\"lazy\" decoding=\"async\" width=\"1380\" height=\"776\" src=\"https:\/\/raybell.com.my\/wp-content\/uploads\/2022\/09\/12d1r2121231ejhkg.jpg\" class=\"vc_single_image-img attachment-full\" alt=\"\" title=\"12d1r2121231ejhk,g\" srcset=\"https:\/\/raybell.com.my\/wp-content\/uploads\/2022\/09\/12d1r2121231ejhkg.jpg 1380w, https:\/\/raybell.com.my\/wp-content\/uploads\/2022\/09\/12d1r2121231ejhkg-300x169.jpg 300w, https:\/\/raybell.com.my\/wp-content\/uploads\/2022\/09\/12d1r2121231ejhkg-1024x576.jpg 1024w, https:\/\/raybell.com.my\/wp-content\/uploads\/2022\/09\/12d1r2121231ejhkg-768x432.jpg 768w, https:\/\/raybell.com.my\/wp-content\/uploads\/2022\/09\/12d1r2121231ejhkg-18x10.jpg 18w\" sizes=\"auto, (max-width: 1380px) 100vw, 1380px\"  data-dt-location=\"https:\/\/raybell.com.my\/es\/home\/12d1r2121231ejhkg\/\" \/><\/div>\n\t\t<\/figure>\n\t<\/div>\n<\/div><\/div><\/div><\/div>\n<\/div>","protected":false},"excerpt":{"rendered":"<p>At Ray Bell Engineering, we manufacture superior quality medical glovesStrict compliance and good manufacturing practices are our top priorities in making sure our customers are always satisfied. Our gloves are well-established in the medical glove market and are reputable for their superior quality. The products are manufactured in strict compliance with ASTM specifications. We are&hellip;<\/p>","protected":false},"author":4,"featured_media":0,"parent":0,"menu_order":10,"comment_status":"closed","ping_status":"closed","template":"","meta":{"footnotes":""},"class_list":["post-2258","page","type-page","status-publish","hentry","description-off"],"_links":{"self":[{"href":"https:\/\/raybell.com.my\/es\/wp-json\/wp\/v2\/pages\/2258","targetHints":{"allow":["GET"]}}],"collection":[{"href":"https:\/\/raybell.com.my\/es\/wp-json\/wp\/v2\/pages"}],"about":[{"href":"https:\/\/raybell.com.my\/es\/wp-json\/wp\/v2\/types\/page"}],"author":[{"embeddable":true,"href":"https:\/\/raybell.com.my\/es\/wp-json\/wp\/v2\/users\/4"}],"replies":[{"embeddable":true,"href":"https:\/\/raybell.com.my\/es\/wp-json\/wp\/v2\/comments?post=2258"}],"version-history":[{"count":12,"href":"https:\/\/raybell.com.my\/es\/wp-json\/wp\/v2\/pages\/2258\/revisions"}],"predecessor-version":[{"id":2306,"href":"https:\/\/raybell.com.my\/es\/wp-json\/wp\/v2\/pages\/2258\/revisions\/2306"}],"wp:attachment":[{"href":"https:\/\/raybell.com.my\/es\/wp-json\/wp\/v2\/media?parent=2258"}],"curies":[{"name":"wp","href":"https:\/\/api.w.org\/{rel}","templated":true}]}}